{"id":854,"date":"2024-12-17T11:58:56","date_gmt":"2024-12-17T10:58:56","guid":{"rendered":"https:\/\/racheltacquard.com\/?page_id=854"},"modified":"2024-12-17T11:58:56","modified_gmt":"2024-12-17T10:58:56","slug":"conditions-generales-de-vente","status":"publish","type":"page","link":"https:\/\/racheltacquard.com\/index.php\/conditions-generales-de-vente\/","title":{"rendered":"Conditions G\u00e9n\u00e9rales de Vente"},"content":{"rendered":"<p>La validation d&rsquo;une commande concernant un article vendu par Rachel Tacquard sur racheltacquard.com implique la pleine acceptation des pr\u00e9sentes conditions g\u00e9n\u00e9rales de vente (ci-apr\u00e8s \u00ab\u00a0les CGV\u00a0\u00bb). Celles-ci peuvent \u00eatre modifi\u00e9es \u00e0 tout moment et sans pr\u00e9avis. Les CGV ayant valeur de contrat sont celles valables \u00e0 la validation de la commande.<\/p>\n<p><u>Vendeur et responsable de la publication :<\/u><br \/>\nRachel GERVASI-TACQUARD &#8211; ATELIER 24<br \/>\n3A rue du Silberthal &#8211; 68700 STEINBACH<br \/>\nRachel GERVASI-TACQUARD est une micro-entreprise immatricul\u00e9e au registre des entreprises dont le num\u00e9ro de SIRET<br \/>\nest 834 651 622 00013.<br \/>\nContact : <a>contact@racheltacquard.com<\/a><\/p>\n<p><span style=\"text-decoration: underline;\">H\u00e9bergeur :<\/span><br \/>\nLe site internet racheltacquard.com est h\u00e9berg\u00e9 par :<br \/>\nOVH &#8211; 2 rue Kellermann &#8211; 59100 ROUBAIX &#8211; France &#8211; +33 9 72 10 10 07<\/p>\n<p><u>Produits :<\/u><br \/>\nLes produits propos\u00e9s \u00e0 la vente sont d\u00e9crits le plus pr\u00e9cis\u00e9ment possible par un texte et des photographies. Ces derni\u00e8res se veulent le plus fid\u00e8les possible, mais les \u00a0couleurs sont susceptibles de varier d&rsquo;un \u00e9cran \u00e0 l&rsquo;autre.<\/p>\n<p><u>Prix :<\/u><br \/>\nLes prix affich\u00e9s dans la boutique en ligne s&rsquo;entendent TTC, en euros et hors frais de port. En tant que micro-entreprise, Rachel GERVASI-TACQUARD n&rsquo;est pas assujetti \u00e0 la TVA.<br \/>\nRachel GERVASI-TACQUARD se r\u00e9serve le droit de modifier ses prix \u00e0 tout moment, mais le prix \u00e0 payer par le client est le tarif en vigueur au moment de la validation de la commande.<\/p>\n<p><u>Modalit\u00e9s de paiement :<\/u><br \/>\nLe paiement se fait de mani\u00e8re s\u00e9curis\u00e9e par Stripe. Il n&rsquo;est pas obligatoire de poss\u00e9der un compte Stripe pour proc\u00e9der au r\u00e8glement : celui-ci peut se faire par carte bancaire sur la plateforme Stripe.<br \/>\nLe paiement par ch\u00e8que est \u00e9galement possible, mais la commande ne sera alors valid\u00e9e qu&rsquo;\u00e0 compter de l&rsquo;encaissement du ch\u00e8que. Pour ce faire il conviendra de prendre contact \u00e0 l&rsquo;adresse <a>contact@racheltacquard.com<\/a><\/p>\n<p><u>Confirmation de commande :<\/u><br \/>\nLa commande est consid\u00e9r\u00e9e comme d\u00e9finitive \u00e0 compter de la r\u00e9ception du r\u00e8glement.<br \/>\nEn cas de rupture de stock le vendeur pr\u00e9viendra le client au plus vite et lui proposera soit l&rsquo;annulation et le remboursement de sa commande, soit la modification de celle-ci.<\/p>\n<p><u>Livraison et d\u00e9lai de fabrication :<\/u><br \/>\nLes articles en stocks sont exp\u00e9di\u00e9s dans un d\u00e9lai de 7 jours maximum. Les articles qui ne sont pas en stock sont exp\u00e9di\u00e9s sous un d\u00e9lai indicatif indiqu\u00e9 sur la boutique ou la fiche produit.<br \/>\nLa livraison est faite par Colissimo. Les frais d&#8217;emballage et d&rsquo;exp\u00e9dition sont forfaitaires et comprennent des frais de traitement et d&rsquo;exp\u00e9dition. La France est actuellement le seul pays desservi. Si le client souhaite une exp\u00e9dition dans un autre pays d&rsquo;Europe, il pourra contacter le vendeur par mail pour organiser cela directement.<br \/>\nRachel GERVASI-TACQUARD ne saurait \u00eatre tenu responsable des probl\u00e8mes d&rsquo;acheminement li\u00e9s au transporteur, ni d&rsquo;une erreur commise par l&rsquo;acheteur dans le renseignement de son adresse.<br \/>\nLe retrait sur place est \u00e9galement possible \u00e0 Cernay (68700). Il n&rsquo;y a alors pas de frais de livraison \u00e0 r\u00e9gler.<\/p>\n<p><u>Droit de r\u00e9tractation :<\/u><br \/>\nLe client dispose d&rsquo;un d\u00e9lai de r\u00e9tractation de 14 jours \u00e0 compter de la date de r\u00e9ception de la commande pour retourner un produit ne lui convenant pas. Le client devra en informer le vendeur par mail dans le m\u00eame d\u00e9lai. Les frais de retour sont \u00e0 la charge du client. Les articles renvoy\u00e9s doivent \u00eatre \u00e0 l&rsquo;\u00e9tat neuf et ne doivent pas avoir \u00e9t\u00e9 utilis\u00e9s ou ab\u00eem\u00e9s. A compter de la r\u00e9ception de l&rsquo;article renvoy\u00e9, Rachel GERVASI-TACQUARD dispose d&rsquo;un d\u00e9lai de 30 jours pour effectuer le remboursement.<br \/>\nLes articles personnalis\u00e9s sont exclus de ce droit de r\u00e9tractation.<br \/>\nToute r\u00e9clamation devra \u00eatre faite par \u00e9crit sous 1 semaine \u00e0 compter de la r\u00e9ception de la commande.<\/p>\n<p><u>Propri\u00e9t\u00e9 intellectuelle :<br \/>\n<\/u>Tous les textes, commentaires et photographies du site racheltacquard.com sont des cr\u00e9ations originales de Rachel Tacquard.<\/p>\n<p>Toute repr\u00e9sentation ou reproduction int\u00e9grale ou partielle, faite sans le consentement des auteurs ou de ses ayants droit ou ayants cause, est illicite. Il en est de m\u00eame pour la traduction, l&rsquo;adaptation ou la transformation, l&rsquo;arrangement ou la reproduction par un art ou un proc\u00e9d\u00e9 quelconque (art. L. 122-4 du CPI). Cette interdiction s&rsquo;\u00e9tend, sans que cette liste ne soit limitative, \u00e0 tout \u00e9l\u00e9ment r\u00e9dactionnel figurant sur le site : pr\u00e9sentation des \u00e9crans, textes, logos, photographies notamment.<\/p>\n<p>Toute personne reproduisant, repr\u00e9sentant ou diffusant l&rsquo;une des oeuvres Rachel Tacquard, sans son autorisation, commet un acte de contrefa\u00e7on, tel que d\u00e9fini \u00e0 l&rsquo;article L. 335 du CPI.<\/p>\n<p><span style=\"text-decoration: underline;\">Donn\u00e9es personnelles :<br \/>\n<\/span>Rachel GERVASI-TACQUARD collecte les donn\u00e9es suivantes :<br \/>\n&#8211; Nom, Pr\u00e9nom<br \/>\n&#8211; Adresse<br \/>\n&#8211; Adresse email<\/p>\n<p>Ces donn\u00e9es sont \u00e0 la destination exclusive de Rachel GERVASI-TACQUARD. Elles seront utilis\u00e9es pour le traitement de votre commande pass\u00e9e sur le site internet racheltacquard.com ainsi que pour la gestion de votre relation commerciale avec Rachel GERVASI-TACQUARD. Elles seront utilis\u00e9es pour constituer un fichier client et seront conserv\u00e9es pendant une dur\u00e9e de 3 ans \u00e0 compter de votre dernier contact avec Rachel GERVASI-TACQUARD.<\/p>\n<p>Vous pouvez \u00e9galement vous inscrire \u00e0 la mailing list de Rachel Tacquard. Les donn\u00e9es ci-dessus seront alors utilis\u00e9es afin de vous informer des actualit\u00e9s, promotions et \u00e9v\u00e8nements susceptibles de vous int\u00e9resser, en relation avec Rachel Tacquard. Vous pouvez vous d\u00e9sinscrire de cette liste \u00e0 tout moment.<\/p>\n<p>Conform\u00e9ment \u00e0 la r\u00e8glementation informatique et libert\u00e9s, vous b\u00e9n\u00e9ficiez d&rsquo;un droit d&rsquo;acc\u00e8s, de rectification et de suppression des informations qui vous concernent, ainsi qu&rsquo;un droit \u00e0 la portabilit\u00e9 de ces donn\u00e9es. Si vous souhaitez exercer ces droits et obtenir communication des informations vous concernant veuillez vous adresser \u00e0 <a>contact@racheltacquard.com<\/a><\/p>\n<p>&nbsp;<\/p>\n","protected":false},"excerpt":{"rendered":"<p>La validation d&rsquo;une commande concernant un article vendu par Rachel Tacquard sur racheltacquard.com implique la pleine acceptation des pr\u00e9sentes conditions g\u00e9n\u00e9rales de vente (ci-apr\u00e8s \u00ab\u00a0les CGV\u00a0\u00bb). Celles-ci peuvent \u00eatre modifi\u00e9es \u00e0 tout moment et sans<br \/><a class=\"read-more\" href=\"https:\/\/racheltacquard.com\/index.php\/conditions-generales-de-vente\/\">Read More<\/a><\/p>\n","protected":false},"author":1,"featured_media":0,"parent":0,"menu_order":0,"comment_status":"closed","ping_status":"closed","template":"","meta":{"footnotes":""},"class_list":["post-854","page","type-page","status-publish","hentry"],"_links":{"self":[{"href":"https:\/\/racheltacquard.com\/index.php\/wp-json\/wp\/v2\/pages\/854","targetHints":{"allow":["GET"]}}],"collection":[{"href":"https:\/\/racheltacquard.com\/index.php\/wp-json\/wp\/v2\/pages"}],"about":[{"href":"https:\/\/racheltacquard.com\/index.php\/wp-json\/wp\/v2\/types\/page"}],"author":[{"embeddable":true,"href":"https:\/\/racheltacquard.com\/index.php\/wp-json\/wp\/v2\/users\/1"}],"replies":[{"embeddable":true,"href":"https:\/\/racheltacquard.com\/index.php\/wp-json\/wp\/v2\/comments?post=854"}],"version-history":[{"count":6,"href":"https:\/\/racheltacquard.com\/index.php\/wp-json\/wp\/v2\/pages\/854\/revisions"}],"predecessor-version":[{"id":958,"href":"https:\/\/racheltacquard.com\/index.php\/wp-json\/wp\/v2\/pages\/854\/revisions\/958"}],"wp:attachment":[{"href":"https:\/\/racheltacquard.com\/index.php\/wp-json\/wp\/v2\/media?parent=854"}],"curies":[{"name":"wp","href":"https:\/\/api.w.org\/{rel}","templated":true}]}}