{"id":55,"date":"2024-03-27T12:18:21","date_gmt":"2024-03-27T11:18:21","guid":{"rendered":"https:\/\/racheltacquard.com\/?page_id=55"},"modified":"2024-04-12T12:56:32","modified_gmt":"2024-04-12T10:56:32","slug":"bienvenue","status":"publish","type":"page","link":"https:\/\/racheltacquard.com\/index.php\/bienvenue\/","title":{"rendered":"Bienvenue !"},"content":{"rendered":"<div class=\"row\"><div class=\"column one-whole last-column\" style=\"text-align:left;\"><div class=\"spacer\" style=\"height:30px;\"><\/div><\/div><div class=\"column one-fourth\" style=\"text-align:center;padding-right:100;\"><figure  style=\"max-width:one-fourth;display:inline-block;float:right;\"><img decoding=\"async\" src=\"https:\/\/racheltacquard.com\/wp-content\/uploads\/2024\/04\/Design-sans-titre.png\" alt=\"\" \/><\/figure><\/div><div class=\"column three-fourth last-column\" style=\"text-align:center;padding-top:1000;\"><div class=\"text-block\" style=\"text-align:center;\">\n<p style=\"text-align: left;\">Bienvenue sur ce tout nouveau site internet.<\/p>\n<p style=\"text-align: left;\">Je m&rsquo;appelle Rachel et j&rsquo;aspire \u00e0 vous emmener avec moi admirer la beaut\u00e9 et la po\u00e9sie de la nature ordinaire.<\/p>\n<p style=\"text-align: left;\">Le site va \u00eatre compl\u00e9t\u00e9 au fur et \u00e0 mesure : galeries, page \u00e0 propos, page de contact, blog,<br \/>\net \u00e0 terme un e-shop.<\/p>\n<p style=\"text-align: left;\">Dans l&rsquo;intervalle, pour toute question, demande, ou si vous souhaitez acheter un tirage,<br \/>\nn&rsquo;h\u00e9sitez pas \u00e0 venir vers moi. Vous pouvez me contacter \u00e0 l&rsquo;adresse mail ci-dessous :<\/p>\n<p style=\"text-align: left;\">contact@racheltacquard.com<\/p>\n<p style=\"text-align: left;\">A bient\u00f4t !<\/p>\n<\/div><\/div><div class=\"column one-whole last-column\" style=\"text-align:left;\"><div class=\"spacer\" style=\"height:30px;\"><\/div><\/div><\/div>\n","protected":false},"excerpt":{"rendered":"","protected":false},"author":1,"featured_media":0,"parent":0,"menu_order":0,"comment_status":"closed","ping_status":"closed","template":"template-fullwidth.php","meta":{"footnotes":""},"class_list":["post-55","page","type-page","status-publish","hentry"],"_links":{"self":[{"href":"https:\/\/racheltacquard.com\/index.php\/wp-json\/wp\/v2\/pages\/55","targetHints":{"allow":["GET"]}}],"collection":[{"href":"https:\/\/racheltacquard.com\/index.php\/wp-json\/wp\/v2\/pages"}],"about":[{"href":"https:\/\/racheltacquard.com\/index.php\/wp-json\/wp\/v2\/types\/page"}],"author":[{"embeddable":true,"href":"https:\/\/racheltacquard.com\/index.php\/wp-json\/wp\/v2\/users\/1"}],"replies":[{"embeddable":true,"href":"https:\/\/racheltacquard.com\/index.php\/wp-json\/wp\/v2\/comments?post=55"}],"version-history":[{"count":41,"href":"https:\/\/racheltacquard.com\/index.php\/wp-json\/wp\/v2\/pages\/55\/revisions"}],"predecessor-version":[{"id":277,"href":"https:\/\/racheltacquard.com\/index.php\/wp-json\/wp\/v2\/pages\/55\/revisions\/277"}],"wp:attachment":[{"href":"https:\/\/racheltacquard.com\/index.php\/wp-json\/wp\/v2\/media?parent=55"}],"curies":[{"name":"wp","href":"https:\/\/api.w.org\/{rel}","templated":true}]}}