{"id":519,"date":"2024-09-27T12:28:00","date_gmt":"2024-09-27T10:28:00","guid":{"rendered":"https:\/\/racheltacquard.com\/?page_id=519"},"modified":"2024-09-27T12:28:02","modified_gmt":"2024-09-27T10:28:02","slug":"video-1","status":"publish","type":"page","link":"https:\/\/racheltacquard.com\/index.php\/video-1\/","title":{"rendered":"Vid\u00e9o 1"},"content":{"rendered":"\n<p>Mettre la vid\u00e9o en plein \u00e9cran apr\u00e8s avoir lanc\u00e9 la lecture permettra que l&rsquo;affichage soit adapt\u00e9 \u00e0 votre \u00e9cran !<\/p>\n\n\n\n<figure class=\"wp-block-video\"><video height=\"1920\" style=\"aspect-ratio: 1080 \/ 1920;\" width=\"1080\" controls src=\"https:\/\/racheltacquard.com\/wp-content\/uploads\/2024\/09\/Schoppenwihr.mp4\"><\/video><\/figure>\n","protected":false},"excerpt":{"rendered":"<p>Mettre la vid\u00e9o en plein \u00e9cran apr\u00e8s avoir lanc\u00e9 la lecture permettra que l&rsquo;affichage soit adapt\u00e9 \u00e0 votre \u00e9cran !<\/p>\n","protected":false},"author":1,"featured_media":0,"parent":0,"menu_order":0,"comment_status":"closed","ping_status":"closed","template":"","meta":{"footnotes":""},"class_list":["post-519","page","type-page","status-publish","hentry"],"_links":{"self":[{"href":"https:\/\/racheltacquard.com\/index.php\/wp-json\/wp\/v2\/pages\/519","targetHints":{"allow":["GET"]}}],"collection":[{"href":"https:\/\/racheltacquard.com\/index.php\/wp-json\/wp\/v2\/pages"}],"about":[{"href":"https:\/\/racheltacquard.com\/index.php\/wp-json\/wp\/v2\/types\/page"}],"author":[{"embeddable":true,"href":"https:\/\/racheltacquard.com\/index.php\/wp-json\/wp\/v2\/users\/1"}],"replies":[{"embeddable":true,"href":"https:\/\/racheltacquard.com\/index.php\/wp-json\/wp\/v2\/comments?post=519"}],"version-history":[{"count":1,"href":"https:\/\/racheltacquard.com\/index.php\/wp-json\/wp\/v2\/pages\/519\/revisions"}],"predecessor-version":[{"id":520,"href":"https:\/\/racheltacquard.com\/index.php\/wp-json\/wp\/v2\/pages\/519\/revisions\/520"}],"wp:attachment":[{"href":"https:\/\/racheltacquard.com\/index.php\/wp-json\/wp\/v2\/media?parent=519"}],"curies":[{"name":"wp","href":"https:\/\/api.w.org\/{rel}","templated":true}]}}