{"id":501,"date":"2024-09-24T11:24:43","date_gmt":"2024-09-24T09:24:43","guid":{"rendered":"https:\/\/racheltacquard.com\/?page_id=501"},"modified":"2024-09-27T12:28:47","modified_gmt":"2024-09-27T10:28:47","slug":"video-2","status":"publish","type":"page","link":"https:\/\/racheltacquard.com\/index.php\/video-2\/","title":{"rendered":"Vid\u00e9o 2"},"content":{"rendered":"\n<p><em>Mettre la vid\u00e9o en plein \u00e9cran apr\u00e8s avoir lanc\u00e9 la lecture permettra que l&rsquo;affichage soit adapt\u00e9 \u00e0 votre \u00e9cran !<\/em><\/p>\n\n\n\n<figure class=\"wp-block-video\"><video height=\"1920\" style=\"aspect-ratio: 1080 \/ 1920;\" width=\"1080\" controls src=\"https:\/\/racheltacquard.com\/wp-content\/uploads\/2024\/09\/PC002231-2.mov\"><\/video><\/figure>\n","protected":false},"excerpt":{"rendered":"<p>Mettre la vid\u00e9o en plein \u00e9cran apr\u00e8s avoir lanc\u00e9 la lecture permettra que l&rsquo;affichage soit adapt\u00e9 \u00e0 votre \u00e9cran !<\/p>\n","protected":false},"author":1,"featured_media":0,"parent":0,"menu_order":0,"comment_status":"closed","ping_status":"closed","template":"","meta":{"footnotes":""},"class_list":["post-501","page","type-page","status-publish","hentry"],"_links":{"self":[{"href":"https:\/\/racheltacquard.com\/index.php\/wp-json\/wp\/v2\/pages\/501","targetHints":{"allow":["GET"]}}],"collection":[{"href":"https:\/\/racheltacquard.com\/index.php\/wp-json\/wp\/v2\/pages"}],"about":[{"href":"https:\/\/racheltacquard.com\/index.php\/wp-json\/wp\/v2\/types\/page"}],"author":[{"embeddable":true,"href":"https:\/\/racheltacquard.com\/index.php\/wp-json\/wp\/v2\/users\/1"}],"replies":[{"embeddable":true,"href":"https:\/\/racheltacquard.com\/index.php\/wp-json\/wp\/v2\/comments?post=501"}],"version-history":[{"count":9,"href":"https:\/\/racheltacquard.com\/index.php\/wp-json\/wp\/v2\/pages\/501\/revisions"}],"predecessor-version":[{"id":521,"href":"https:\/\/racheltacquard.com\/index.php\/wp-json\/wp\/v2\/pages\/501\/revisions\/521"}],"wp:attachment":[{"href":"https:\/\/racheltacquard.com\/index.php\/wp-json\/wp\/v2\/media?parent=501"}],"curies":[{"name":"wp","href":"https:\/\/api.w.org\/{rel}","templated":true}]}}