{"id":351,"date":"2024-05-30T18:28:49","date_gmt":"2024-05-30T16:28:49","guid":{"rendered":"https:\/\/racheltacquard.com\/?page_id=351"},"modified":"2024-06-24T11:54:17","modified_gmt":"2024-06-24T09:54:17","slug":"a-propos-et-contact","status":"publish","type":"page","link":"https:\/\/racheltacquard.com\/index.php\/a-propos-et-contact\/","title":{"rendered":"A propos et contact"},"content":{"rendered":"<div class=\"row\" style=\"margin-right:300;\"><div class=\"column three-fifth\" style=\"text-align:center;margin-right:400;\"><div class=\"text-block\" style=\"text-align:left;\">\n<div>Dans un monde face auquel face auquel naissent trop souvent<\/div>\n<div>les sentiments de tristesse, de col\u00e8re, d&rsquo;indignation ou d&rsquo;impuissance,<\/div>\n<div>je choisis d\u2019\u00eatre photo.graphe.<\/div>\n<div><em>Photos<\/em>, pour \u00ab\u00a0lumi\u00e8re\u00a0\u00bb et <em>graphein<\/em> pour \u00ab\u00a0\u00e9crire\u00a0\u00bb, \u00ab\u00a0dessiner\u00a0\u00bb, \u00ab\u00a0peindre\u00a0\u00bb.<\/div>\n<div>Ind\u00e9pendamment de l\u2019origine historique du mot photographie,<\/div>\n<div>le sens dans lequel je me retrouve est <em>peindre avec la lumi\u00e8re<\/em>.<\/div>\n<div>Et c\u2019est en peignant avec la lumi\u00e8re que je veux vous conter<\/div>\n<div>le merveilleux dans l\u2019ordinaire,<\/div>\n<div>celui cach\u00e9 dans un rayon de soleil,<\/div>\n<div>dans une petite fleur,<\/div>\n<div>dans le bruissement des feuilles au son du chant des oiseaux,<\/div>\n<div>dans le vent et le cycle des saisons.<\/div>\n<div>Ce sont ces histoires naturelles que je vous partage ici,<\/div>\n<div>celles du monde v\u00e9g\u00e9tal,<\/div>\n<div>celles qui nous connectent au vivant.<\/div>\n<\/div><div class=\"spacer\" style=\"height:20px;\"><\/div><div class=\"text-block\" style=\"text-align:left;\">\n<div>Pour retrouver d&rsquo;autres histoires en images -et parfois en mots- vous pouvez me suivre sur mon compte Instagram \u00a0 @l.elegance.des.feuilles.mortes<\/div>\n<\/div><div class=\"spacer\" style=\"height:20px;\"><\/div><div class=\"text-block\" style=\"text-align:left;\">\n<div>Pour un peu plus de mots et aussi quelques images, je serai heureuse de vous envoyer mensuellement un <em>Soup\u00e7on de po\u00e9sie et une pinc\u00e9e d&rsquo;enchantement<\/em>, mon courrier mensuel. Pour vous y inscrire, <a href=\"https:\/\/mailchi.mp\/f867aab2927d\/le-courrier-de-latelier\"><strong>c&rsquo;est par ici !<\/strong><\/a><\/div>\n<\/div><div class=\"spacer\" style=\"height:20px;\"><\/div><div class=\"text-block\" style=\"text-align:left;\">\n<div>\n<div>Et enfin, pour me contacter directement, n&rsquo;h\u00e9sitez pas \u00e0 m&rsquo;\u00e9crire \u00e0 l&rsquo;adresse \u00a0\u00a0<a>contact@racheltacquard.com<\/a><\/div>\n<\/div>\n<\/div><div class=\"spacer\" style=\"height:20px;\"><\/div><div class=\"text-block\" style=\"text-align:left;\">\n<div>\n<div>A bient\u00f4t !<\/div>\n<\/div>\n<\/div><div class=\"spacer\" style=\"height:50px;\"><\/div><div class=\"text-block\" style=\"text-align:left;\">\n<div>\n<div>Rachel<\/div>\n<\/div>\n<\/div><div class=\"spacer\" style=\"height:20px;\"><\/div><div class=\"text-block\" style=\"text-align:left;\">\n<p><em>A noter, car un peu contre-intuitif :<\/em> dans les projets du portfolio, il faut faire d\u00e9filer la souris comme pour un d\u00e9filement vertical, et les photographies d\u00e9filent horizontalement !<\/p>\n<\/div><div class=\"spacer\" style=\"height:50px;\"><\/div><figure  style=\"max-width:200px;display:inline-block;margin-right:400;margin-left:400;\"><img decoding=\"async\" src=\"https:\/\/racheltacquard.com\/wp-content\/uploads\/2024\/04\/Design-sans-titre.png\" alt=\"\" \/><\/figure><\/div><\/div>\n","protected":false},"excerpt":{"rendered":"","protected":false},"author":1,"featured_media":0,"parent":0,"menu_order":0,"comment_status":"closed","ping_status":"closed","template":"","meta":{"footnotes":""},"class_list":["post-351","page","type-page","status-publish","hentry"],"_links":{"self":[{"href":"https:\/\/racheltacquard.com\/index.php\/wp-json\/wp\/v2\/pages\/351","targetHints":{"allow":["GET"]}}],"collection":[{"href":"https:\/\/racheltacquard.com\/index.php\/wp-json\/wp\/v2\/pages"}],"about":[{"href":"https:\/\/racheltacquard.com\/index.php\/wp-json\/wp\/v2\/types\/page"}],"author":[{"embeddable":true,"href":"https:\/\/racheltacquard.com\/index.php\/wp-json\/wp\/v2\/users\/1"}],"replies":[{"embeddable":true,"href":"https:\/\/racheltacquard.com\/index.php\/wp-json\/wp\/v2\/comments?post=351"}],"version-history":[{"count":22,"href":"https:\/\/racheltacquard.com\/index.php\/wp-json\/wp\/v2\/pages\/351\/revisions"}],"predecessor-version":[{"id":438,"href":"https:\/\/racheltacquard.com\/index.php\/wp-json\/wp\/v2\/pages\/351\/revisions\/438"}],"wp:attachment":[{"href":"https:\/\/racheltacquard.com\/index.php\/wp-json\/wp\/v2\/media?parent=351"}],"curies":[{"name":"wp","href":"https:\/\/api.w.org\/{rel}","templated":true}]}}