{"id":3,"date":"2024-03-26T23:23:39","date_gmt":"2024-03-26T22:23:39","guid":{"rendered":"http:\/\/racheltacquard.com\/?page_id=3"},"modified":"2024-03-30T18:49:19","modified_gmt":"2024-03-30T17:49:19","slug":"politique-de-confidentialite","status":"publish","type":"page","link":"https:\/\/racheltacquard.com\/index.php\/politique-de-confidentialite\/","title":{"rendered":"Politique de confidentialit\u00e9"},"content":{"rendered":"<h2>Que sont les cookies ?<\/h2>\n<p>Les cookies sont des petits fichiers textuels qui sont sauvegard\u00e9s sur votre ordinateur quand vous visitez certaines pages sur Internet.<\/p>\n<p>Pour notre site, nous utilisons des cookies, en demandant l\u2019accord pr\u00e9alable de l\u2019utilisateur, l\u00e0 o\u00f9 la l\u00e9gislation et les r\u00e9glementations applicables l\u2019exigent, pour am\u00e9liorer la navigation et personnaliser les informations destin\u00e9es \u00e0 l\u2019utilisateur. Nous utilisons en outre des syst\u00e8mes similaires pour collecter des informations sur les utilisateurs, comme par exemple l\u2019adresse IP, le type de navigateur Internet et le syst\u00e8me d\u2019exploitation utilis\u00e9 et\/ou les pages web visit\u00e9es par un utilisateur, \u00e0 des fins statistiques ou de s\u00e9curit\u00e9. Nous vous informons que si vous d\u00e9cidez de bloquer ou d\u00e9sactiver les cookies, certaines parties du site et de ses sous-domaines pourraient \u00eatre inaccessibles ou leur fonctionnement pourrait \u00eatre affect\u00e9.<\/p>\n<p>Pour une utilisation facile et compl\u00e8te de ce site, il est donc opportun que l\u2019utilisateur configure son navigateur de fa\u00e7on \u00e0 ce qu\u2019il accepte de recevoir ces cookies. Les cookies ne sont pas dangereux pour votre ordinateur, tablette ou smartphone. Les cookies g\u00e9n\u00e9r\u00e9s par notre site ne stockent pas d\u2019informations d\u2019identification personnelle mais des informations crypt\u00e9es uniquement.<\/p>\n<h2>Notre site utilise les cookies suivants :<\/h2>\n<h3>Cookies de navigation<\/h3>\n<p>Ces cookies sont fondamentaux pour vous permettre de vous d\u00e9placer \u00e0 l\u2019int\u00e9rieur du site et pour utiliser ses fonctionnalit\u00e9s. Sans ces cookies, il se peut que certaines fonctions ne soient pas accessibles ou ne fonctionnent pas correctement. Les cookies strictement n\u00e9cessaires sont utilis\u00e9s pour m\u00e9moriser un identifiant afin d\u2019identifier l\u2019utilisateur de fa\u00e7on univoque par rapport aux autres utilisateurs, ceci afin de fournir \u00e0 l\u2019utilisateur un service coh\u00e9rent et pr\u00e9cis.<\/p>\n<h3>Cookies de performance<\/h3>\n<p>Ces cookies peuvent \u00eatre de notre site ou de sites partenaires, de session ou persistants. Leur utilisation est limit\u00e9e \u00e0 la performance et \u00e0 l\u2019am\u00e9lioration du site Internet. Ces cookies ne recueillent pas d\u2019informations permettant d\u2019identifier l\u2019utilisateur. Toutes les informations recueillies par ces cookies sont agr\u00e9g\u00e9es sous une forme anonyme et ne sont utilis\u00e9es que pour am\u00e9liorer la fonctionnalit\u00e9 du site.<\/p>\n<h3>Cookies fonctionnels<\/h3>\n<p>Ces cookies sont habituellement la cons\u00e9quence d\u2019une action de l\u2019utilisateur, mais ils peuvent \u00e9galement \u00eatre mis en \u0153uvre pour la fourniture d\u2019un service, non explicitement requis mais offert \u00e0 l\u2019utilisateur. Ils peuvent m\u00eame \u00eatre utilis\u00e9s pour \u00e9viter d\u2019offrir \u00e0 un utilisateur donn\u00e9 un service qui lui avait \u00e9t\u00e9 offert auparavant et qu\u2019il avait refus\u00e9. En outre, ces cookies permettent au site de se souvenir des choix de l\u2019utilisateur. Les informations recueillies par ces cookies sont anonymes et ne peuvent pas suivre le comportement de l\u2019utilisateur sur d\u2019autres sites.<\/p>\n<h2>G\u00e9rer les Cookies<\/h2>\n<p>L\u2019utilisateur g\u00e8re les cookies depuis son navigateur. L\u2019utilisateur a la possibilit\u00e9 d\u2019autoriser, bloquer ou supprimer les cookies install\u00e9s sur son ordinateur en param\u00e9trant les options du navigateur. Dans le cas de blocage ou de d\u00e9sactivation de l\u2019installation de tous ou de certains d\u2019entre eux, vous pouvez continuer d\u2019utiliser notre site Web, mais il est possible que certains services lui n\u00e9cessitent son utilisation ne soient pas disponibles et que votre exp\u00e9rience sur notre site web soit moins agr\u00e9able.<\/p>\n<p>Pour g\u00e9rer les cookies de votre navigateur, vous devez acc\u00e9der \u00e0 la barre d\u2019outils du navigateur, puis rechercher la section sur les options de confidentialit\u00e9 et enfin celle des cookies. Ces \u00e9tapes peuvent varier l\u00e9g\u00e8rement d\u2019un navigateur \u00e0 l\u2019autre. Ci-dessous, nous indiquons une liste des navigateurs les plus utilis\u00e9s et comment faire pour d\u00e9sactiver ou supprimer les cookies :<\/p>\n<p><strong>Google Chrome<\/strong><br \/>\n<a href=\"https:\/\/support.google.com\/chrome\/answer\/95647?hl=fr\" target=\"_blank\" rel=\"noopener noreferrer\">https:\/\/support.google.com\/chrome\/answer\/95647?hl=fr<\/a><\/p>\n<p><strong>Internet Explorer<\/strong><br \/>\n<a href=\"http:\/\/windows.microsoft.com\/fr-fr\/internet-explorer\/delete-manage-cookies#ie=ie-11\" target=\"_blank\" rel=\"noopener noreferrer\">http:\/\/windows.microsoft.com\/fr-fr\/internet-explorer\/delete-manage-cookies#ie=ie-11<\/a><\/p>\n<p><strong>Firefox<\/strong><br \/>\n<a href=\"https:\/\/support.mozilla.org\/fr\/kb\/cookies-informations-sites-enregistrent\" target=\"_blank\" rel=\"noopener noreferrer\">https:\/\/support.mozilla.org\/fr\/kb\/cookies-informations-sites-enregistrent<\/a><\/p>\n<p><strong>Safari<\/strong><br \/>\n<a href=\"https:\/\/support.apple.com\/kb\/PH21411?viewlocale=fr_FR&amp;locale=fr_FR\" target=\"_blank\" rel=\"noopener noreferrer\">https:\/\/support.apple.com\/kb\/PH21411?viewlocale=fr_FR&amp;locale=fr_FR<\/a><\/p>\n<p><strong>Opera<\/strong><br \/>\n<a href=\"http:\/\/help.opera.com\/Windows\/10.20\/fr\/cookies.html\" target=\"_blank\" rel=\"noopener noreferrer\">http:\/\/help.opera.com\/Windows\/10.20\/fr\/cookies.html<\/a><\/p>\n","protected":false},"excerpt":{"rendered":"<p>Que sont les cookies ? Les cookies sont des petits fichiers textuels qui sont sauvegard\u00e9s sur votre ordinateur quand vous visitez certaines pages sur Internet. Pour notre site, nous utilisons des cookies, en demandant l\u2019accord<br \/><a class=\"read-more\" href=\"https:\/\/racheltacquard.com\/index.php\/politique-de-confidentialite\/\">Read More<\/a><\/p>\n","protected":false},"author":1,"featured_media":0,"parent":0,"menu_order":0,"comment_status":"closed","ping_status":"open","template":"","meta":{"footnotes":""},"class_list":["post-3","page","type-page","status-publish","hentry"],"_links":{"self":[{"href":"https:\/\/racheltacquard.com\/index.php\/wp-json\/wp\/v2\/pages\/3","targetHints":{"allow":["GET"]}}],"collection":[{"href":"https:\/\/racheltacquard.com\/index.php\/wp-json\/wp\/v2\/pages"}],"about":[{"href":"https:\/\/racheltacquard.com\/index.php\/wp-json\/wp\/v2\/types\/page"}],"author":[{"embeddable":true,"href":"https:\/\/racheltacquard.com\/index.php\/wp-json\/wp\/v2\/users\/1"}],"replies":[{"embeddable":true,"href":"https:\/\/racheltacquard.com\/index.php\/wp-json\/wp\/v2\/comments?post=3"}],"version-history":[{"count":2,"href":"https:\/\/racheltacquard.com\/index.php\/wp-json\/wp\/v2\/pages\/3\/revisions"}],"predecessor-version":[{"id":210,"href":"https:\/\/racheltacquard.com\/index.php\/wp-json\/wp\/v2\/pages\/3\/revisions\/210"}],"wp:attachment":[{"href":"https:\/\/racheltacquard.com\/index.php\/wp-json\/wp\/v2\/media?parent=3"}],"curies":[{"name":"wp","href":"https:\/\/api.w.org\/{rel}","templated":true}]}}