{"id":295,"date":"2024-05-28T23:19:41","date_gmt":"2024-05-28T21:19:41","guid":{"rendered":"https:\/\/racheltacquard.com\/?page_id=295"},"modified":"2026-03-27T12:23:39","modified_gmt":"2026-03-27T11:23:39","slug":"actualites-2","status":"publish","type":"page","link":"https:\/\/racheltacquard.com\/index.php\/actualites-2\/","title":{"rendered":"Actualit\u00e9s"},"content":{"rendered":"<div class=\"row\"><div class=\"column one-whole last-column\" style=\"text-align:center;\"><div class=\"gallery grid  three-columns\"><div class=\"wrapper\"><figure class=\"\"><a href=\"https:\/\/racheltacquard.com\/wp-content\/uploads\/2025\/07\/20240205-sans-titre-0139.jpg\"><img decoding=\"async\" src=\"https:\/\/racheltacquard.com\/wp-content\/uploads\/2025\/07\/20240205-sans-titre-0139.jpg\" alt=\"\"><\/a><\/figure><figure class=\"\"><a href=\"https:\/\/racheltacquard.com\/wp-content\/uploads\/2024\/06\/DSC_8441-1-scaled.jpg\"><img decoding=\"async\" src=\"https:\/\/racheltacquard.com\/wp-content\/uploads\/2024\/06\/DSC_8441-1-scaled.jpg\" alt=\"\"><\/a><\/figure><figure class=\"\"><a href=\"https:\/\/racheltacquard.com\/wp-content\/uploads\/2025\/05\/20240405-sans-titre-0819.jpg\"><img decoding=\"async\" src=\"https:\/\/racheltacquard.com\/wp-content\/uploads\/2025\/05\/20240405-sans-titre-0819.jpg\" alt=\"\"><\/a><\/figure><\/div><\/div><div class=\"spacer\"><\/div><div class=\"spacer\"><\/div><div class=\"text-block\" style=\"text-align:left;\">\n<p style=\"text-align: center;\">&#8212;<\/p>\n<h4 style=\"text-align: center;\">Actualit\u00e9s<\/h4>\n<p style=\"text-align: center;\">Pour une immersion non num\u00e9rique, rejoignez-moi pour une exposition-vente de mes photographies aux \u00e9v\u00e9nements suivants :<\/p>\n<p style=\"text-align: center;\">&#8212;<\/p>\n<p style=\"text-align: center;\"><strong>Exposition-vente \u00e0 la Boulangerie l&rsquo;Enfarin\u00e9<\/strong><\/p>\n<p style=\"text-align: center;\">29 rue du G\u00e9n\u00e9ral de Gaulle, Kaysersberg (68)<\/p>\n<p style=\"text-align: center;\">entre le 2 mars 2026 et fin mai 2026<\/p>\n<p style=\"text-align: center;\">&#8212;<\/p>\n<p style=\"text-align: center;\"><strong>March\u00e9 aux Plantes<\/strong><\/p>\n<p style=\"text-align: center;\"><span class=\"OYPEnA font-feature-liga-off font-feature-clig-off font-feature-calt-off text-decoration-none text-strikethrough-none\">Zoo de Mulhouse<\/span> (68)<\/p>\n<p style=\"text-align: center;\">les 11 et 12 avril 2026<\/p>\n<p style=\"text-align: center;\">&#8212;<\/p>\n<p style=\"text-align: center;\"><strong>Printemps Onirique<\/strong><\/p>\n<p class=\"cvGsUA direction-ltr align-center para-style-body\" style=\"text-align: center;\"><span class=\"OYPEnA font-feature-liga-off font-feature-clig-off font-feature-calt-off text-decoration-none text-strikethrough-none\">Salle de la Bourse \u00e0 Strasbourg <\/span>(67)<\/p>\n<p style=\"text-align: center;\">les 18 et 19 avril 2026<\/p>\n<p style=\"text-align: center;\">&#8212;<\/p>\n<p style=\"text-align: center;\"><strong>March\u00e9 des Talents inspir\u00e9s<\/strong><\/p>\n<p style=\"text-align: center;\">Confr\u00e9rie Saint-Etienne, Kientzheim (68)<\/p>\n<p style=\"text-align: center;\">les 23 et 24 mai 2026<\/p>\n<p style=\"text-align: center;\">&#8212;<\/p>\n<p style=\"text-align: center;\">Au plaisir de vous y voir !<\/p>\n<p style=\"text-align: center;\">&#8212;<\/p>\n<\/div><div class=\"spacer\"><\/div><div class=\"text-block\" style=\"text-align:left;\">\n<h6 style=\"text-align: center;\">un soup\u00e7on, une pinc\u00e9e&#8230;<\/h6>\n<p style=\"text-align: center;\">Recevez\u00a0<em>Un soup\u00e7on de po\u00e9sie, une pinc\u00e9e d&rsquo;enchantement<\/em>, ma correspondance mensuelle avec vous.<br \/>\nPour vous inscrire,<\/p>\n<\/div><a href=\"https:\/\/mailchi.mp\/f867aab2927d\/le-courrier-de-latelier\" class=\"cosypb-button style-standard size-large\" style=\"color:#0a0a0a;background-color:#ededed;border:1px solid #b2b2b2;border-radius:1px;\" target=\"_blank\" data-default-color=\"#0a0a0a\" data-default-bg=\"#ededed\" data-default-border=\"#b2b2b2\">C&#039;est par l\u00e0 \ud83d\ude42<\/a><div class=\"spacer\" style=\"height:20px;\"><\/div><div class=\"text-block\" style=\"text-align:left;\">\n<p style=\"text-align: center;\">&#8212;<\/p>\n<\/div><div class=\"spacer\"><\/div><div class=\"text-block\" style=\"text-align:left;padding-right:300px;padding-left:300px;\">\n<h6 style=\"text-align: center;\">@l.elegance.des.feuilles.mortes \u00a0sur Instagram :<\/h6>\n\t\t<div id=\"instagram-gallery-feed-0\" class=\"instagram-gallery-feed\" data-feed=\"{&quot;id&quot;:0,&quot;account_id&quot;:&quot;7561843337198204&quot;,&quot;source&quot;:&quot;username&quot;,&quot;tag&quot;:&quot;wordpress&quot;,&quot;order_by&quot;:&quot;top_media&quot;,&quot;layout&quot;:&quot;gallery&quot;,&quot;limit&quot;:22,&quot;columns&quot;:5,&quot;spacing&quot;:7,&quot;lazy&quot;:false,&quot;responsive&quot;:{&quot;desktop&quot;:{&quot;columns&quot;:3,&quot;spacing&quot;:10},&quot;tablet&quot;:{&quot;columns&quot;:2,&quot;spacing&quot;:8},&quot;mobile&quot;:{&quot;columns&quot;:1,&quot;spacing&quot;:6},&quot;breakpoints&quot;:{&quot;tablet&quot;:768,&quot;mobile&quot;:480}},&quot;aspect_ratio&quot;:{&quot;width&quot;:1,&quot;height&quot;:1},&quot;highlight&quot;:{&quot;tag&quot;:&quot;&quot;,&quot;id&quot;:&quot;&quot;,&quot;position&quot;:&quot;1,3,5&quot;},&quot;reel&quot;:{&quot;hide&quot;:true},&quot;copyright&quot;:{&quot;hide&quot;:false,&quot;placeholder&quot;:&quot;&quot;},&quot;profile&quot;:{&quot;display&quot;:false,&quot;username&quot;:&quot;&quot;,&quot;nickname&quot;:&quot;&quot;,&quot;website&quot;:&quot;&quot;,&quot;biography&quot;:&quot;&quot;,&quot;link_text&quot;:&quot;Follow&quot;,&quot;website_text&quot;:&quot;Website&quot;,&quot;avatar&quot;:&quot;&quot;},&quot;box&quot;:{&quot;display&quot;:false,&quot;padding&quot;:1,&quot;radius&quot;:0,&quot;background&quot;:&quot;#fefefe&quot;,&quot;profile&quot;:false,&quot;desc&quot;:&quot;&quot;,&quot;text_color&quot;:&quot;#000000&quot;},&quot;mask&quot;:{&quot;display&quot;:true,&quot;background&quot;:&quot;#000000&quot;,&quot;icon_color&quot;:&quot;#ffffff&quot;,&quot;likes_count&quot;:true,&quot;comments_count&quot;:true},&quot;card&quot;:{&quot;display&quot;:false,&quot;radius&quot;:1,&quot;font_size&quot;:12,&quot;background&quot;:&quot;#ffffff&quot;,&quot;background_hover&quot;:&quot;#ffffff&quot;,&quot;text_color&quot;:&quot;#000000&quot;,&quot;padding&quot;:5,&quot;likes_count&quot;:false,&quot;text_length&quot;:10,&quot;comments_count&quot;:false,&quot;text_align&quot;:&quot;left&quot;},&quot;carousel&quot;:{&quot;centered_slides&quot;:false,&quot;autoplay&quot;:false,&quot;autoplay_interval&quot;:3000,&quot;navarrows&quot;:true,&quot;navarrows_color&quot;:&quot;&quot;,&quot;pagination&quot;:true,&quot;pagination_color&quot;:&quot;&quot;},&quot;modal&quot;:{&quot;display&quot;:true,&quot;profile&quot;:true,&quot;media_description&quot;:true,&quot;likes_count&quot;:true,&quot;comments_count&quot;:true,&quot;comments_list&quot;:false,&quot;text_align&quot;:&quot;left&quot;,&quot;modal_align&quot;:&quot;right&quot;,&quot;text_length&quot;:10000,&quot;font_size&quot;:12},&quot;button&quot;:{&quot;display&quot;:true,&quot;text&quot;:&quot;et plus encore sur Instagram&quot;,&quot;text_color&quot;:&quot;#000000&quot;,&quot;background&quot;:&quot;#ffffff&quot;,&quot;background_hover&quot;:&quot;&quot;},&quot;button_load&quot;:{&quot;display&quot;:false,&quot;text&quot;:&quot;Load more...&quot;,&quot;text_color&quot;:&quot;#ffff&quot;,&quot;background&quot;:&quot;&quot;,&quot;background_hover&quot;:&quot;&quot;}}\">\n\t\t<!-- <FeedContainer\/> -->\n\t\t<\/div>\n\t\t\n<\/div><\/div><\/div>\n","protected":false},"excerpt":{"rendered":"","protected":false},"author":1,"featured_media":0,"parent":0,"menu_order":0,"comment_status":"closed","ping_status":"closed","template":"template-fullwidth.php","meta":{"footnotes":""},"class_list":["post-295","page","type-page","status-publish","hentry"],"_links":{"self":[{"href":"https:\/\/racheltacquard.com\/index.php\/wp-json\/wp\/v2\/pages\/295","targetHints":{"allow":["GET"]}}],"collection":[{"href":"https:\/\/racheltacquard.com\/index.php\/wp-json\/wp\/v2\/pages"}],"about":[{"href":"https:\/\/racheltacquard.com\/index.php\/wp-json\/wp\/v2\/types\/page"}],"author":[{"embeddable":true,"href":"https:\/\/racheltacquard.com\/index.php\/wp-json\/wp\/v2\/users\/1"}],"replies":[{"embeddable":true,"href":"https:\/\/racheltacquard.com\/index.php\/wp-json\/wp\/v2\/comments?post=295"}],"version-history":[{"count":58,"href":"https:\/\/racheltacquard.com\/index.php\/wp-json\/wp\/v2\/pages\/295\/revisions"}],"predecessor-version":[{"id":1888,"href":"https:\/\/racheltacquard.com\/index.php\/wp-json\/wp\/v2\/pages\/295\/revisions\/1888"}],"wp:attachment":[{"href":"https:\/\/racheltacquard.com\/index.php\/wp-json\/wp\/v2\/media?parent=295"}],"curies":[{"name":"wp","href":"https:\/\/api.w.org\/{rel}","templated":true}]}}